{"id":139,"date":"2022-07-20T00:38:10","date_gmt":"2022-07-20T00:38:10","guid":{"rendered":"http:\/\/studiodoublem.fr\/?page_id=139"},"modified":"2023-01-13T17:21:55","modified_gmt":"2023-01-13T17:21:55","slug":"a-propos","status":"publish","type":"page","link":"https:\/\/studiodoublem.fr\/?page_id=139","title":{"rendered":"A propos"},"content":{"rendered":"\n<div class=\"wp-block-cover alignfull is-light has-parallax has-custom-content-position is-position-bottom-left\" style=\"background-image:url(https:\/\/studiodoublem.fr\/wp-content\/uploads\/2022\/08\/8.png);min-height:398px\"><span aria-hidden=\"true\" class=\"wp-block-cover__background has-ast-global-color-2-background-color has-background-dim\"><\/span><div class=\"wp-block-cover__inner-container\">\n<h1 class=\"has-white-color has-text-color\">A propos<\/h1>\n<\/div><\/div>\n\n\n\n<div style=\"height:100px\" aria-hidden=\"true\" class=\"wp-block-spacer\"><\/div>\n\n\n\n<div class=\"wp-container-2 wp-block-group alignfull has-ast-global-color-0-background-color has-background\">\n<div class=\"wp-block-media-text alignwide is-stacked-on-mobile is-vertically-aligned-center\" style=\"grid-template-columns:37% auto\"><figure class=\"wp-block-media-text__media\"><img loading=\"lazy\" width=\"681\" height=\"1024\" src=\"https:\/\/studiodoublem.fr\/wp-content\/uploads\/2022\/08\/3-681x1024.png\" alt=\"\" class=\"wp-image-733 size-full\" srcset=\"https:\/\/studiodoublem.fr\/wp-content\/uploads\/2022\/08\/3-681x1024.png 681w, https:\/\/studiodoublem.fr\/wp-content\/uploads\/2022\/08\/3-200x300.png 200w, https:\/\/studiodoublem.fr\/wp-content\/uploads\/2022\/08\/3-768x1154.png 768w, https:\/\/studiodoublem.fr\/wp-content\/uploads\/2022\/08\/3-1022x1536.png 1022w, https:\/\/studiodoublem.fr\/wp-content\/uploads\/2022\/08\/3-1362x2048.png 1362w, https:\/\/studiodoublem.fr\/wp-content\/uploads\/2022\/08\/3.png 1848w\" sizes=\"(max-width: 681px) 100vw, 681px\" \/><\/figure><div class=\"wp-block-media-text__content\">\n<p class=\"has-large-font-size\">Bienvenue,<\/p>\n\n\n\n<p class=\"has-medium-font-size\">Je suis Marl\u00e8ne, cr\u00e9atrice du studio et tr\u00e8s heureuse de t\u2019accueillir sur mon site. <\/p>\n\n\n\n<p class=\"has-medium-font-size\">Riche des mes ann\u00e9es d&rsquo;exp\u00e9riences en tant que chef de projet o\u00f9 j&rsquo;\u00e9tais en charge de mener \u00e0 bien diff\u00e9rents projets de communication. Ma mission aujourd&rsquo;hui, est de t\u2019accompagner en tant entrepreneur(euse)s passionn\u00e9s, dans la r\u00e9alisation de ton logotype, de ton identit\u00e9 de marque, de ton site internet ainsi que de tes supports de communication.\u00a0<\/p>\n\n\n\n<p class=\"has-medium-font-size\">Afin de toujours mieux t&rsquo;assister dans tes divers projets, je me fie \u00e0 ma cr\u00e9ativit\u00e9 renforc\u00e9e par ma sensibilit\u00e9 et mon intuition.<\/p>\n\n\n\n<div class=\"wp-container-1 wp-block-buttons\">\n<div class=\"wp-block-button is-style-primary\"><a class=\"wp-block-button__link\" href=\"https:\/\/studiodoublem.fr\/?page_id=141\">Me contacter<\/a><\/div>\n<\/div>\n\n\n\n<div style=\"height:100px\" aria-hidden=\"true\" class=\"wp-block-spacer\"><\/div>\n<\/div><\/div>\n<\/div>\n\n\n\n<div class=\"wp-container-3 wp-block-group alignfull has-ast-global-color-5-background-color has-background\">\n<p><\/p>\n\n\n\n<div style=\"height:35px\" aria-hidden=\"true\" class=\"wp-block-spacer\"><\/div>\n<\/div>\n\n\n\n<div class=\"wp-container-4 wp-block-group alignfull has-ast-global-color-2-background-color has-background\"><\/div>\n","protected":false},"excerpt":{"rendered":"<p>Bienvenue, Je suis Marl\u00e8ne, cr\u00e9atrice du studio et tr\u00e8s heureuse de t\u2019accueillir sur mon site. Riche des mes ann\u00e9es d&rsquo;exp\u00e9riences en tant que chef de projet o\u00f9 j&rsquo;\u00e9tais en charge de mener \u00e0 bien diff\u00e9rents projets de communication. Ma mission aujourd&rsquo;hui, est de t\u2019accompagner en tant entrepreneur(euse)s passionn\u00e9s, dans la r\u00e9alisation de ton logotype, de&hellip;&nbsp;<a href=\"https:\/\/studiodoublem.fr\/?page_id=139\" class=\"\" rel=\"bookmark\">Lire la suite &raquo;<span class=\"screen-reader-text\">A propos<\/span><\/a><\/p>\n","protected":false},"author":1,"featured_media":0,"parent":0,"menu_order":0,"comment_status":"closed","ping_status":"closed","template":"","meta":{"om_disable_all_campaigns":false,"_monsterinsights_skip_tracking":false,"_monsterinsights_sitenote_active":false,"_monsterinsights_sitenote_note":"","_monsterinsights_sitenote_category":0,"neve_meta_sidebar":"","neve_meta_container":"","neve_meta_enable_content_width":"","neve_meta_content_width":0,"neve_meta_title_alignment":"","neve_meta_author_avatar":"","neve_post_elements_order":"","neve_meta_disable_header":"","neve_meta_disable_footer":"","neve_meta_disable_title":"","_ti_tpc_template_sync":false,"_ti_tpc_template_id":"","_vp_format_video_url":"","_vp_image_focal_point":[]},"aioseo_notices":[],"_links":{"self":[{"href":"https:\/\/studiodoublem.fr\/index.php?rest_route=\/wp\/v2\/pages\/139"}],"collection":[{"href":"https:\/\/studiodoublem.fr\/index.php?rest_route=\/wp\/v2\/pages"}],"about":[{"href":"https:\/\/studiodoublem.fr\/index.php?rest_route=\/wp\/v2\/types\/page"}],"author":[{"embeddable":true,"href":"https:\/\/studiodoublem.fr\/index.php?rest_route=\/wp\/v2\/users\/1"}],"replies":[{"embeddable":true,"href":"https:\/\/studiodoublem.fr\/index.php?rest_route=%2Fwp%2Fv2%2Fcomments&post=139"}],"version-history":[{"count":16,"href":"https:\/\/studiodoublem.fr\/index.php?rest_route=\/wp\/v2\/pages\/139\/revisions"}],"predecessor-version":[{"id":889,"href":"https:\/\/studiodoublem.fr\/index.php?rest_route=\/wp\/v2\/pages\/139\/revisions\/889"}],"wp:attachment":[{"href":"https:\/\/studiodoublem.fr\/index.php?rest_route=%2Fwp%2Fv2%2Fmedia&parent=139"}],"curies":[{"name":"wp","href":"https:\/\/api.w.org\/{rel}","templated":true}]}}