{"id":137,"date":"2021-05-12T11:37:28","date_gmt":"2021-05-12T11:37:28","guid":{"rendered":"http:\/\/studiodoublem.fr\/?page_id=137"},"modified":"2024-01-27T12:46:33","modified_gmt":"2024-01-27T12:46:33","slug":"services","status":"publish","type":"page","link":"https:\/\/studiodoublem.fr\/?page_id=137","title":{"rendered":"Services"},"content":{"rendered":"\n<div class=\"wp-block-cover alignfull has-parallax has-custom-content-position is-position-bottom-left\" style=\"background-image:url(https:\/\/studiodoublem.fr\/wp-content\/uploads\/2022\/08\/1-1.png);min-height:521px\"><span aria-hidden=\"true\" class=\"wp-block-cover__background has-ast-global-color-2-background-color has-background-dim-90 has-background-dim\"><\/span><div class=\"wp-block-cover__inner-container\">\n<h1 class=\"has-white-color has-text-color\">Services<\/h1>\n<\/div><\/div>\n\n\n\n<div class=\"wp-container-1 is-nowrap wp-block-group\">\n<div style=\"height:100px\" aria-hidden=\"true\" class=\"wp-block-spacer\"><\/div>\n<\/div>\n\n\n\n<div class=\"wp-container-2 wp-block-group alignfull has-ast-global-color-5-background-color has-background\">\n<figure class=\"wp-block-pullquote has-nv-dark-bg-color has-neve-link-color-background-color has-text-color has-background has-medium-font-size\"><blockquote><p>Selon une conception r\u00e9fl\u00e9chie, le studio met en lumi\u00e8re <strong>ton histoire<\/strong> et <strong>tes valeurs<\/strong> pour cr\u00e9er <strong>la communication<\/strong> qui <strong>te ressemble<\/strong> (charte graphique, print et web).<br>D\u00e9couvre ici tous les services et n&rsquo;h\u00e9sites pas \u00e0 me contacter pour plus d&rsquo;informations ou bien des demandes particuli\u00e8res.<\/p><\/blockquote><\/figure>\n<\/div>\n\n\n\n<div style=\"height:100px\" aria-hidden=\"true\" class=\"wp-block-spacer\"><\/div>\n\n\n\n<div class=\"wp-container-15 wp-block-group has-nv-c-2-background-color has-background\" style=\"padding-top:35px;padding-right:35px;padding-bottom:35px;padding-left:35px\">\n<div class=\"wp-container-14 wp-block-group has-nv-c-2-background-color has-background\">\n<div class=\"wp-container-9 wp-block-columns\">\n<div class=\"wp-container-8 wp-block-column\" style=\"flex-basis:100%\">\n<div class=\"wp-container-7 wp-block-columns\">\n<div class=\"wp-container-6 wp-block-column\" style=\"flex-basis:66.66%\">\n<blockquote class=\"wp-block-quote has-nv-text-dark-bg-color has-text-color has-large-font-size\"><p><sup>SOIT IDENTIFIABLE&nbsp;<\/sup><\/p><cite><strong><mark style=\"background-color:rgba(0, 0, 0, 0)\" class=\"has-inline-color has-nv-dark-bg-color\">IDENTITE VISUELLE<\/mark><\/strong><\/cite><\/blockquote>\n\n\n\n<p class=\"has-nv-text-dark-bg-color has-text-color has-medium-font-size\">Ton identit\u00e9 visuelle est la base de ta strat\u00e9gie de communication. Une \u00e9tape \u00e0 ne pas sous-estimer lors de la cr\u00e9ation de ton business. <br>Elle symbolise ta personnalit\u00e9. <br>D\u00e9marque toi gr\u00e2ce \u00e0 elle !<\/p>\n\n\n\n<hr class=\"wp-block-separator has-alpha-channel-opacity is-style-default\"\/>\n\n\n\n<div class=\"wp-container-4 wp-block-columns\">\n<div class=\"wp-container-3 wp-block-column\"><\/div>\n<\/div>\n\n\n\n<div class=\"wp-container-5 wp-block-buttons\"><\/div>\n<\/div>\n<\/div>\n<\/div>\n<\/div>\n\n\n\n<div class=\"wp-container-13 wp-block-columns\">\n<div class=\"wp-container-10 wp-block-column\">\n<figure class=\"wp-block-image aligncenter size-large is-resized is-style-rounded\"><img loading=\"lazy\" src=\"http:\/\/studiodoublem.fr\/wp-content\/uploads\/2022\/08\/22-681x1024.png\" alt=\"\" class=\"wp-image-760\" width=\"380\" height=\"571\" srcset=\"https:\/\/studiodoublem.fr\/wp-content\/uploads\/2022\/08\/22-681x1024.png 681w, https:\/\/studiodoublem.fr\/wp-content\/uploads\/2022\/08\/22-200x300.png 200w, https:\/\/studiodoublem.fr\/wp-content\/uploads\/2022\/08\/22-768x1154.png 768w, https:\/\/studiodoublem.fr\/wp-content\/uploads\/2022\/08\/22-1022x1536.png 1022w, https:\/\/studiodoublem.fr\/wp-content\/uploads\/2022\/08\/22-1362x2048.png 1362w, https:\/\/studiodoublem.fr\/wp-content\/uploads\/2022\/08\/22.png 1848w\" sizes=\"(max-width: 380px) 100vw, 380px\" \/><\/figure>\n<\/div>\n\n\n\n<div class=\"wp-container-11 wp-block-column\">\n<div style=\"height:45px\" aria-hidden=\"true\" class=\"wp-block-spacer\"><\/div>\n\n\n\n<p><\/p>\n\n\n\n<p class=\"has-nv-text-dark-bg-color has-text-color has-medium-font-size\"><strong>L\u2019offre comprend :<\/strong><\/p>\n\n\n\n<ul class=\"has-nv-text-dark-bg-color has-text-color has-medium-font-size\" style=\"line-height:1.4\"><li>Questionnaire et brief<\/li><li>2 propositions de logo<\/li><li>Finalisation du logo et ses d\u00e9clinaisons &#8211; 3 A\/R<\/li><li>Charte graphique (couleur\/typographie)<\/li><li>Logo fourni au format EPS \/ JPG \/ PNG \/ PDF<\/li><\/ul>\n\n\n\n<h5 class=\"has-nv-text-dark-bg-color has-text-color\">Tarif&nbsp;: 590 \u20ac<\/h5>\n<\/div>\n\n\n\n<div class=\"wp-container-12 wp-block-column\">\n<div style=\"height:43px\" aria-hidden=\"true\" class=\"wp-block-spacer\"><\/div>\n\n\n\n<p><\/p>\n\n\n\n<p><\/p>\n\n\n\n<p class=\"has-nv-text-dark-bg-color has-text-color has-medium-font-size\"><strong>Pour qui ? <\/strong><\/p>\n\n\n\n<hr class=\"wp-block-separator has-alpha-channel-opacity\"\/>\n\n\n\n<p class=\"has-nv-text-dark-bg-color has-text-color has-medium-font-size\">Pour les entrepreneur(euse)s qui souhaitent <strong>d\u00e9velopper une v\u00e9ritable image de marque<\/strong> sur tous leurs supports de communication gr\u00e2ce \u00e0 une<strong> identit\u00e9 visuelle r\u00e9fl\u00e9chie<\/strong> et <strong>pertinente <\/strong>qui leur permettra de gagner en professionnalisme et en coh\u00e9rence.<\/p>\n<\/div>\n<\/div>\n<\/div>\n<\/div>\n\n\n\n<div style=\"height:50px\" aria-hidden=\"true\" class=\"wp-block-spacer\"><\/div>\n\n\n\n<div class=\"wp-container-28 wp-block-group has-nv-c-1-background-color has-background\">\n<div class=\"wp-container-27 wp-block-group has-nv-c-1-background-color has-background\">\n<div class=\"wp-container-23 wp-block-group\" style=\"padding-top:35px;padding-right:35px;padding-bottom:35px;padding-left:35px\">\n<div class=\"wp-container-18 wp-block-columns has-nv-c-1-background-color has-background\">\n<div class=\"wp-container-16 wp-block-column\" style=\"flex-basis:33.33%\"><\/div>\n\n\n\n<div class=\"wp-container-17 wp-block-column\" style=\"flex-basis:66.66%\">\n<blockquote class=\"wp-block-quote has-nv-dark-bg-color has-text-color has-large-font-size\"><p>SOIT VISIBLE&nbsp;<\/p><cite><strong>SITE WEB<\/strong><\/cite><\/blockquote>\n<\/div>\n<\/div>\n\n\n\n<div class=\"wp-container-22 wp-block-columns has-nv-c-1-background-color has-background\">\n<div class=\"wp-container-19 wp-block-column\">\n<p class=\"has-medium-font-size\">L\u2019offre comprend&nbsp;:<\/p>\n\n\n\n<ul class=\"has-medium-font-size\" style=\"line-height:1.4\"><li>Questionnaire &amp; \u00e9laboration d\u2019un cahier des charges<\/li><li>Zooning des pages principales<\/li><li>Domaine s\u00e9curis\u00e9 en HTTPS via un certificat SSL<\/li><li>Installation du CMS WordPress<\/li><li>Int\u00e9gration de la charte graphique du site internet<\/li><li>Cr\u00e9ation des pages d\u00e9finies dans le cahier des charges<\/li><li>Version responsive (ordinateur, tablette, mobile)<\/li><li>Cr\u00e9ation d\u2019une adresse e-mail professionnelle<\/li><\/ul>\n<\/div>\n\n\n\n<div class=\"wp-container-20 wp-block-column\">\n<p> <p><strong>Pour qui\u00a0?<\/strong> <\/p><\/p>\n\n\n\n<hr class=\"wp-block-separator has-alpha-channel-opacity\"\/>\n\n\n\n<p><span style=\"color: var(--nv-text-color); font-family: var(--bodyfontfamily); font-size: var(--wp--preset--font-size--medium) ; font-weight: var(--bodyfontweight); letter-spacing: var(--bodyletterspacing); text-transform: var(--bodytexttransform); background-color: var(--nv-c-1);\">Pour les entrepreneur(euse)s qui cherchent \u00e0 d\u00e9velopper leur pr\u00e9sence en ligne gr\u00e2ce \u00e0 une site internet strat\u00e9gique qui les aidera \u00e0 remplir leurs objectifs<\/span>.<\/p>\n<\/div>\n\n\n\n<div class=\"wp-container-21 wp-block-column\">\n<figure class=\"wp-block-image size-large is-resized is-style-rounded\"><img loading=\"lazy\" src=\"http:\/\/studiodoublem.fr\/wp-content\/uploads\/2022\/07\/31946100_960507567456738_2258153375986089984_n-1024x938.jpg\" alt=\"\" class=\"wp-image-495\" width=\"451\" height=\"413\" srcset=\"https:\/\/studiodoublem.fr\/wp-content\/uploads\/2022\/07\/31946100_960507567456738_2258153375986089984_n-1024x938.jpg 1024w, https:\/\/studiodoublem.fr\/wp-content\/uploads\/2022\/07\/31946100_960507567456738_2258153375986089984_n-300x275.jpg 300w, https:\/\/studiodoublem.fr\/wp-content\/uploads\/2022\/07\/31946100_960507567456738_2258153375986089984_n-768x704.jpg 768w, https:\/\/studiodoublem.fr\/wp-content\/uploads\/2022\/07\/31946100_960507567456738_2258153375986089984_n-1536x1407.jpg 1536w, https:\/\/studiodoublem.fr\/wp-content\/uploads\/2022\/07\/31946100_960507567456738_2258153375986089984_n.jpg 2048w\" sizes=\"(max-width: 451px) 100vw, 451px\" \/><\/figure>\n<\/div>\n<\/div>\n<\/div>\n\n\n\n<div class=\"wp-container-26 wp-block-columns\">\n<div class=\"wp-container-24 wp-block-column\" style=\"padding-top:35px;padding-right:35px;padding-bottom:35px;padding-left:35px\">\n<h5><strong>Tarif&nbsp;:<\/strong><\/h5>\n\n\n\n<ul class=\"has-medium-font-size\"><li>Site jusqu\u2019\u00e0 5 pages&nbsp;: 989 \u20ac *<\/li><li>Site allant jusqu\u2019\u00e0 10 pages&nbsp;: 1 850 \u20ac *<\/li><li>Option boutique en ligne&nbsp;: sur devis *<\/li><\/ul>\n\n\n\n<p class=\"has-small-font-size\">* Tarif sur devis en fonction du nombre de pages et des fonctionnalit\u00e9s sp\u00e9cifiques.<br><strong>Ne sont pas inclus<\/strong> : <br>&#8211; Les frais d\u2019h\u00e9bergement et nom de domaine (environ 70 \u20ac), l\u2019achat du th\u00e8me (environ 70 \u20ac).<br>&#8211; L&rsquo;achat d&rsquo;\u00e9ventuels modules (r\u00e9servation ou traduction&#8230;)<br>&#8211; L\u2019achat de photographies non libres de droit.<\/p>\n<\/div>\n\n\n\n<div class=\"wp-container-25 wp-block-column\" style=\"padding-top:35px;padding-right:35px;padding-bottom:35px;padding-left:35px\">\n<p class=\"has-text-align-center has-medium-font-size\">L\u2019offre de base ne correspond pas compl\u00e9tement \u00e0 tes besoins&nbsp;? Aucun souci, <a href=\"https:\/\/studiodoublem.fr\/?page_id=141\" title=\"Contacte moi\">contacte moi<\/a> pour un devis personnalis\u00e9&nbsp;!<\/p>\n<\/div>\n<\/div>\n<\/div>\n<\/div>\n\n\n\n<div class=\"wp-container-41 wp-block-group alignfull has-ast-global-color-2-background-color has-background\">\n<div style=\"height:50px\" aria-hidden=\"true\" class=\"wp-block-spacer\"><\/div>\n\n\n\n<div class=\"wp-container-40 wp-block-group has-neve-link-hover-color-background-color has-background\" style=\"padding-top:35px;padding-right:35px;padding-bottom:35px;padding-left:35px\">\n<div class=\"wp-container-31 wp-block-columns\">\n<div class=\"wp-container-29 wp-block-column\" style=\"flex-basis:66.66%\">\n<blockquote class=\"wp-block-quote has-nv-text-dark-bg-color has-text-color has-large-font-size\"><p>SOIT COH\u00c9RENT<\/p><cite><strong>SUPPORTS DE COMMUNICATION<\/strong><\/cite><\/blockquote>\n<\/div>\n\n\n\n<div class=\"wp-container-30 wp-block-column\" style=\"flex-basis:33.33%\"><\/div>\n<\/div>\n\n\n\n<div class=\"wp-container-34 wp-block-columns\">\n<div class=\"wp-container-32 wp-block-column\" style=\"flex-basis:66.66%\">\n<p class=\"has-nv-text-dark-bg-color has-text-color has-medium-font-size\">Ta communication visuelle est indispensable dans la r\u00e9ussite et la p\u00e9rennit\u00e9 de ton entreprise, elle te permet de communiquer avec tes clients. Atteignons un objectif commun, transmettons ton message.<\/p>\n<\/div>\n\n\n\n<div class=\"wp-container-33 wp-block-column\" style=\"flex-basis:33.33%\"><\/div>\n<\/div>\n\n\n\n<div class=\"wp-container-39 wp-block-columns\">\n<div class=\"wp-container-35 wp-block-column\">\n<figure class=\"wp-block-image size-large is-style-rounded\"><img loading=\"lazy\" width=\"1024\" height=\"685\" src=\"http:\/\/studiodoublem.fr\/wp-content\/uploads\/2022\/07\/PHOTO-2021-05-10-16-28-59-1024x685.jpg\" alt=\"\" class=\"wp-image-494\" srcset=\"https:\/\/studiodoublem.fr\/wp-content\/uploads\/2022\/07\/PHOTO-2021-05-10-16-28-59-1024x685.jpg 1024w, https:\/\/studiodoublem.fr\/wp-content\/uploads\/2022\/07\/PHOTO-2021-05-10-16-28-59-300x201.jpg 300w, https:\/\/studiodoublem.fr\/wp-content\/uploads\/2022\/07\/PHOTO-2021-05-10-16-28-59-768x514.jpg 768w, https:\/\/studiodoublem.fr\/wp-content\/uploads\/2022\/07\/PHOTO-2021-05-10-16-28-59-1536x1027.jpg 1536w, https:\/\/studiodoublem.fr\/wp-content\/uploads\/2022\/07\/PHOTO-2021-05-10-16-28-59.jpg 1600w\" sizes=\"(max-width: 1024px) 100vw, 1024px\" \/><\/figure>\n<\/div>\n\n\n\n<div class=\"wp-container-36 wp-block-column\">\n<p class=\"has-nv-text-dark-bg-color has-text-color has-medium-font-size\">Exemple de supports pour une communication \u00e0 la page<\/p>\n\n\n\n<ul class=\"has-nv-text-dark-bg-color has-text-color has-medium-font-size\" style=\"line-height:1.4\"><li>Flyer A5<\/li><li>Brochure \/ Catalogue<\/li><li>Menu<\/li><li>D\u00e9pliant<\/li><li>Etiquettes<\/li><li>Faire part<\/li><\/ul>\n\n\n\n<p class=\"has-nv-text-dark-bg-color has-text-color has-medium-font-size\">3 AR pour finaliser le document<br>Pr\u00e9paration du fichiers HD pour impression<\/p>\n\n\n\n<h5 class=\"has-nv-text-dark-bg-color has-text-color has-medium-font-size\"><\/h5>\n<\/div>\n\n\n\n<div class=\"wp-container-37 wp-block-column\">\n<p><\/p>\n\n\n\n<ul class=\"has-nv-text-dark-bg-color has-text-color has-medium-font-size\" style=\"line-height:1.4\"><li>Carte de visite<\/li><li>Affiche<\/li><li>Carton d\u2019invitation<\/li><li>Carte de correspondance<\/li><li>Papier ent\u00eate<\/li><li>Signal\u00e9tique<\/li><li>Kak\u00e9mono \/ Roll-up<\/li><li>Oriflamme \u2026<\/li><\/ul>\n\n\n\n<h5>Tarif&nbsp;: sur devis en fonction du projet<\/h5>\n<\/div>\n\n\n\n<div class=\"wp-container-38 wp-block-column\">\n<p class=\"has-nv-text-dark-bg-color has-text-color has-medium-font-size\"><strong>Pour qui&nbsp;?<\/strong><\/p>\n\n\n\n<hr class=\"wp-block-separator has-alpha-channel-opacity\"\/>\n\n\n\n<p class=\"has-nv-text-dark-bg-color has-text-color has-medium-font-size\">Pour les entrepreneur(euse)s et les marques qui souhaitent donner 1 coup de pep\u2019s \u00e0 leur communication print gr\u00e2ce \u00e0 de nouveaux supports de communication professionnelle et impactante.<\/p>\n<\/div>\n<\/div>\n<\/div>\n\n\n\n<div style=\"height:20px\" aria-hidden=\"true\" class=\"wp-block-spacer\"><\/div>\n\n\n\n<hr class=\"wp-block-separator has-alpha-channel-opacity\"\/>\n\n\n\n<div style=\"height:20px\" aria-hidden=\"true\" class=\"wp-block-spacer\"><\/div>\n\n\n\n<h2 class=\"has-text-align-center\">Clients qui m&rsquo;ont fait confiance<\/h2>\n\n\n\n<figure class=\"wp-block-image aligncenter size-large is-resized\"><img loading=\"lazy\" src=\"https:\/\/studiodoublem.fr\/wp-content\/uploads\/2022\/07\/client-3-1024x256.jpg\" alt=\"\" class=\"wp-image-600\" width=\"725\" height=\"181\" srcset=\"https:\/\/studiodoublem.fr\/wp-content\/uploads\/2022\/07\/client-3-1024x256.jpg 1024w, https:\/\/studiodoublem.fr\/wp-content\/uploads\/2022\/07\/client-3-300x75.jpg 300w, https:\/\/studiodoublem.fr\/wp-content\/uploads\/2022\/07\/client-3-768x192.jpg 768w, https:\/\/studiodoublem.fr\/wp-content\/uploads\/2022\/07\/client-3-1536x384.jpg 1536w, https:\/\/studiodoublem.fr\/wp-content\/uploads\/2022\/07\/client-3.jpg 1584w\" sizes=\"(max-width: 725px) 100vw, 725px\" \/><\/figure>\n<\/div>\n","protected":false},"excerpt":{"rendered":"<p>Selon une conception r\u00e9fl\u00e9chie, le studio met en lumi\u00e8re ton histoire et tes valeurs pour cr\u00e9er la communication qui te ressemble (charte graphique, print et web).D\u00e9couvre ici tous les services et n&rsquo;h\u00e9sites pas \u00e0 me contacter pour plus d&rsquo;informations ou bien des demandes particuli\u00e8res. SOIT IDENTIFIABLE&nbsp; IDENTITE VISUELLE Ton identit\u00e9 visuelle est la base de&hellip;&nbsp;<a href=\"https:\/\/studiodoublem.fr\/?page_id=137\" class=\"\" rel=\"bookmark\">Lire la suite &raquo;<span class=\"screen-reader-text\">Services<\/span><\/a><\/p>\n","protected":false},"author":1,"featured_media":0,"parent":0,"menu_order":0,"comment_status":"closed","ping_status":"closed","template":"","meta":{"om_disable_all_campaigns":false,"_monsterinsights_skip_tracking":false,"_monsterinsights_sitenote_active":false,"_monsterinsights_sitenote_note":"","_monsterinsights_sitenote_category":0,"neve_meta_sidebar":"","neve_meta_container":"","neve_meta_enable_content_width":"","neve_meta_content_width":0,"neve_meta_title_alignment":"","neve_meta_author_avatar":"","neve_post_elements_order":"","neve_meta_disable_header":"","neve_meta_disable_footer":"","neve_meta_disable_title":"","_ti_tpc_template_sync":false,"_ti_tpc_template_id":"","_vp_format_video_url":"","_vp_image_focal_point":[]},"aioseo_notices":[],"_links":{"self":[{"href":"https:\/\/studiodoublem.fr\/index.php?rest_route=\/wp\/v2\/pages\/137"}],"collection":[{"href":"https:\/\/studiodoublem.fr\/index.php?rest_route=\/wp\/v2\/pages"}],"about":[{"href":"https:\/\/studiodoublem.fr\/index.php?rest_route=\/wp\/v2\/types\/page"}],"author":[{"embeddable":true,"href":"https:\/\/studiodoublem.fr\/index.php?rest_route=\/wp\/v2\/users\/1"}],"replies":[{"embeddable":true,"href":"https:\/\/studiodoublem.fr\/index.php?rest_route=%2Fwp%2Fv2%2Fcomments&post=137"}],"version-history":[{"count":80,"href":"https:\/\/studiodoublem.fr\/index.php?rest_route=\/wp\/v2\/pages\/137\/revisions"}],"predecessor-version":[{"id":928,"href":"https:\/\/studiodoublem.fr\/index.php?rest_route=\/wp\/v2\/pages\/137\/revisions\/928"}],"wp:attachment":[{"href":"https:\/\/studiodoublem.fr\/index.php?rest_route=%2Fwp%2Fv2%2Fmedia&parent=137"}],"curies":[{"name":"wp","href":"https:\/\/api.w.org\/{rel}","templated":true}]}}