{"id":135,"date":"2021-05-12T11:36:55","date_gmt":"2021-05-12T11:36:55","guid":{"rendered":"http:\/\/studiodoublem.fr\/?page_id=135"},"modified":"2023-01-13T17:20:11","modified_gmt":"2023-01-13T17:20:11","slug":"accueil","status":"publish","type":"page","link":"https:\/\/studiodoublem.fr\/","title":{"rendered":"Accueil"},"content":{"rendered":"\n<div class=\"wp-block-cover alignfull has-parallax\" style=\"background-image:url(http:\/\/studiodoublem.fr\/wp-content\/uploads\/2022\/07\/herbe-de-la-pampa-1389-\u00d7-826-px.jpg);min-height:966px\"><span aria-hidden=\"true\" class=\"wp-block-cover__background has-ast-global-color-2-background-color has-background-dim-90 has-background-dim\"><\/span><div class=\"wp-block-cover__inner-container\">\n<h1 class=\"has-text-align-center has-white-color has-text-color\">Studio de cr\u00e9ation graphique pour valoriser ton savoir faire et affiner ta personnalit\u00e9<\/h1>\n\n\n\n<div class=\"wp-container-1 is-horizontal is-content-justification-center wp-block-buttons\">\n<div class=\"wp-block-button is-style-fill is-style-primary\"><a class=\"wp-block-button__link has-ast-global-color-3-color has-ast-global-color-5-background-color has-text-color has-background\" href=\"https:\/\/studiodoublem.fr\/?page_id=141\" style=\"border-radius:100px\" rel=\"#\">Travaillons ensemble<\/a><\/div>\n<\/div>\n<\/div><\/div>\n\n\n\n<div style=\"height:45px\" aria-hidden=\"true\" class=\"wp-block-spacer\"><\/div>\n\n\n\n<div class=\"wp-container-15 wp-block-group alignfull has-nv-c-1-background-color has-background\" style=\"padding-top:35px;padding-right:35px;padding-bottom:35px;padding-left:35px\">\n<h2 class=\"has-text-align-center\">Travaillons ensemble<\/h2>\n\n\n\n<div class=\"wp-container-5 wp-block-columns\">\n<div class=\"wp-container-2 wp-block-column\">\n<h4 class=\"has-text-align-center\">Identit\u00e9 visuelle &amp; logotype<\/h4>\n<\/div>\n\n\n\n<div class=\"wp-container-3 wp-block-column\">\n<h4 class=\"has-text-align-center\">Supports de communication<\/h4>\n<\/div>\n\n\n\n<div class=\"wp-container-4 wp-block-column\">\n<h4 class=\"has-text-align-center\">Web<\/h4>\n<\/div>\n<\/div>\n\n\n\n<div class=\"wp-container-12 wp-block-columns\">\n<div class=\"wp-container-7 wp-block-column\">\n<p class=\"has-medium-font-size\">Cr\u00e9ons une identit\u00e9 visuelle soign\u00e9e et adapt\u00e9e \u00e0 ton entreprise, avec une charte graphique compl\u00e8te afin d\u2019avoir tous les \u00e9l\u00e9ments indispensables pour mettre en place une v\u00e9ritable strat\u00e9gie d\u2019image de marque. Le Logo est l&rsquo;un des pilier de ton image. Il te d\u00e9marque et transmet ton message ainsi que tes valeurs.<\/p>\n\n\n\n<div class=\"wp-container-6 is-content-justification-center wp-block-buttons\"><\/div>\n<\/div>\n\n\n\n<div class=\"wp-container-9 wp-block-column\">\n<p class=\"has-text-align-left has-medium-font-size\">Catalogue, d\u00e9pliant, flyer, carte de visites\u2026 autant de documents \u00e0 ne pas n\u00e9gliger. Dynamisons tes diff\u00e9rents supports de communication imprim\u00e9s ou digitaux afin de garantir une image forte et pertinente en coh\u00e9rence avec ton identit\u00e9 visuelle. Je t&rsquo;accompagne de la conception \u00e0 l\u2019impression.<\/p>\n\n\n\n<div class=\"wp-container-8 is-content-justification-center wp-block-buttons\"><\/div>\n<\/div>\n\n\n\n<div class=\"wp-container-11 wp-block-column\">\n<p class=\"has-medium-font-size\">D\u00e9veloppons ta visibilit\u00e9 avec un site intuitif et harmonis\u00e9 afin de valoriser ton entreprise et tes services, alliant esth\u00e9tique et ergonomie de navigation.<\/p>\n\n\n\n<div style=\"height:3px\" aria-hidden=\"true\" class=\"wp-block-spacer\"><\/div>\n\n\n\n<div class=\"wp-container-10 is-content-justification-center wp-block-buttons\"><\/div>\n<\/div>\n<\/div>\n\n\n\n<div class=\"wp-container-14 wp-block-columns\">\n<div class=\"wp-container-13 wp-block-column\" style=\"flex-basis:100%\">\n<h4 class=\"has-text-align-center has-nv-dark-bg-color has-nv-text-dark-bg-background-color has-text-color has-background\"><a href=\"https:\/\/studiodoublem.fr\/?page_id=137\" title=\"Services\">Je d\u00e9couvre le studio<\/a><\/h4>\n<\/div>\n<\/div>\n<\/div>\n\n\n\n<div style=\"height:100px\" aria-hidden=\"true\" class=\"wp-block-spacer\"><\/div>\n\n\n\n<div class=\"wp-container-17 wp-block-group alignfull has-ast-global-color-0-background-color has-background\">\n<div class=\"wp-block-media-text alignwide has-media-on-the-right is-stacked-on-mobile\" style=\"grid-template-columns:auto 33%\"><figure class=\"wp-block-media-text__media\"><img loading=\"lazy\" width=\"681\" height=\"1024\" src=\"https:\/\/studiodoublem.fr\/wp-content\/uploads\/2022\/08\/1-681x1024.png\" alt=\"\" class=\"wp-image-737 size-full\" srcset=\"https:\/\/studiodoublem.fr\/wp-content\/uploads\/2022\/08\/1-681x1024.png 681w, https:\/\/studiodoublem.fr\/wp-content\/uploads\/2022\/08\/1-200x300.png 200w, https:\/\/studiodoublem.fr\/wp-content\/uploads\/2022\/08\/1-768x1154.png 768w, https:\/\/studiodoublem.fr\/wp-content\/uploads\/2022\/08\/1-1022x1536.png 1022w, https:\/\/studiodoublem.fr\/wp-content\/uploads\/2022\/08\/1-1362x2048.png 1362w, https:\/\/studiodoublem.fr\/wp-content\/uploads\/2022\/08\/1.png 1848w\" sizes=\"(max-width: 681px) 100vw, 681px\" \/><\/figure><div class=\"wp-block-media-text__content\">\n<h2>Un peu de moi<\/h2>\n\n\n\n<p class=\"has-medium-font-size\">Longtemps passionn\u00e9e mais sans jamais oser me lancer, aujourd&rsquo;hui je saute le pas afin mieux t\u2019accompagner dans tes projets, je me fie \u00e0 ma cr\u00e9ativit\u00e9 renforc\u00e9e par ma sensibilit\u00e9 et mon intuition. Riche tout de m\u00eame de mes ann\u00e9es d&rsquo;exp\u00e9rience en tant que chef de projet en fabrication, j&rsquo;ai toujours \u00e9t\u00e9 de pr\u00e8s ou de loin dans l&rsquo;univers graphique.<\/p>\n\n\n\n<h4>Ma mission<\/h4>\n\n\n\n<p class=\"has-medium-font-size\">Donner du sens \u00e0 la communication et accompagner les entrepreneurs dans la r\u00e9alisation de leur logotype, de leur identit\u00e9 de marque, de leur site internet et de leurs supports de communication.<\/p>\n\n\n\n<div class=\"wp-container-16 is-content-justification-center wp-block-buttons\">\n<div class=\"wp-block-button is-style-primary\"><a class=\"wp-block-button__link\" href=\"https:\/\/studiodoublem.fr\/?page_id=139\" style=\"border-radius:100px\">Me d\u00e9couvrir un peu plus<\/a><\/div>\n<\/div>\n<\/div><\/div>\n<\/div>\n\n\n\n<div class=\"wp-container-21 wp-block-group alignfull has-ast-global-color-0-background-color has-background\">\n<div class=\"wp-container-20 wp-block-columns\">\n<div class=\"wp-container-18 wp-block-column is-vertically-aligned-center\" style=\"flex-basis:33.33%\"><\/div>\n\n\n\n<div class=\"wp-container-19 wp-block-column\" style=\"flex-basis:66.66%\"><\/div>\n<\/div>\n<\/div>\n","protected":false},"excerpt":{"rendered":"<p>Travaillons ensemble Identit\u00e9 visuelle &amp; logotype Supports de communication Web Cr\u00e9ons une identit\u00e9 visuelle soign\u00e9e et adapt\u00e9e \u00e0 ton entreprise, avec une charte graphique compl\u00e8te afin d\u2019avoir tous les \u00e9l\u00e9ments indispensables pour mettre en place une v\u00e9ritable strat\u00e9gie d\u2019image de marque. Le Logo est l&rsquo;un des pilier de ton image. Il te d\u00e9marque et transmet&hellip;&nbsp;<a href=\"https:\/\/studiodoublem.fr\/\" class=\"\" rel=\"bookmark\">Lire la suite &raquo;<span class=\"screen-reader-text\">Accueil<\/span><\/a><\/p>\n","protected":false},"author":1,"featured_media":0,"parent":0,"menu_order":0,"comment_status":"closed","ping_status":"closed","template":"","meta":{"om_disable_all_campaigns":false,"_monsterinsights_skip_tracking":false,"_monsterinsights_sitenote_active":false,"_monsterinsights_sitenote_note":"","_monsterinsights_sitenote_category":0,"neve_meta_sidebar":"","neve_meta_container":"","neve_meta_enable_content_width":"","neve_meta_content_width":0,"neve_meta_title_alignment":"","neve_meta_author_avatar":"","neve_post_elements_order":"","neve_meta_disable_header":"","neve_meta_disable_footer":"","neve_meta_disable_title":"","_ti_tpc_template_sync":false,"_ti_tpc_template_id":"","_vp_format_video_url":"","_vp_image_focal_point":[]},"aioseo_notices":[],"_links":{"self":[{"href":"https:\/\/studiodoublem.fr\/index.php?rest_route=\/wp\/v2\/pages\/135"}],"collection":[{"href":"https:\/\/studiodoublem.fr\/index.php?rest_route=\/wp\/v2\/pages"}],"about":[{"href":"https:\/\/studiodoublem.fr\/index.php?rest_route=\/wp\/v2\/types\/page"}],"author":[{"embeddable":true,"href":"https:\/\/studiodoublem.fr\/index.php?rest_route=\/wp\/v2\/users\/1"}],"replies":[{"embeddable":true,"href":"https:\/\/studiodoublem.fr\/index.php?rest_route=%2Fwp%2Fv2%2Fcomments&post=135"}],"version-history":[{"count":17,"href":"https:\/\/studiodoublem.fr\/index.php?rest_route=\/wp\/v2\/pages\/135\/revisions"}],"predecessor-version":[{"id":888,"href":"https:\/\/studiodoublem.fr\/index.php?rest_route=\/wp\/v2\/pages\/135\/revisions\/888"}],"wp:attachment":[{"href":"https:\/\/studiodoublem.fr\/index.php?rest_route=%2Fwp%2Fv2%2Fmedia&parent=135"}],"curies":[{"name":"wp","href":"https:\/\/api.w.org\/{rel}","templated":true}]}}